{"id":9,"date":"2021-05-11T14:57:45","date_gmt":"2021-05-11T14:57:45","guid":{"rendered":"https:\/\/aitanatop.ific.uv.es\/aitanatop\/luxe\/?page_id=9"},"modified":"2025-05-06T09:55:39","modified_gmt":"2025-05-06T07:55:39","slug":"group-members","status":"publish","type":"page","link":"https:\/\/aitanatop.ific.uv.es\/aitanatop\/luxe\/group-members\/","title":{"rendered":"Group Members"},"content":{"rendered":"\t\t<div data-elementor-type=\"wp-page\" data-elementor-id=\"9\" class=\"elementor elementor-9\">\n\t\t\t\t\t\t<section class=\"elementor-section elementor-top-section elementor-element elementor-element-21c8c55 elementor-section-full_width elementor-section-height-default elementor-section-height-default\" data-id=\"21c8c55\" data-element_type=\"section\" data-e-type=\"section\">\n\t\t\t\t\t\t<div class=\"elementor-container elementor-column-gap-default\">\n\t\t\t\t\t<div class=\"elementor-column elementor-col-100 elementor-top-column elementor-element elementor-element-e064465\" data-id=\"e064465\" data-element_type=\"column\" data-e-type=\"column\">\n\t\t\t<div class=\"elementor-widget-wrap elementor-element-populated\">\n\t\t\t\t\t\t<div class=\"elementor-element elementor-element-d02ed5f elementor-widget elementor-widget-image\" data-id=\"d02ed5f\" data-element_type=\"widget\" data-e-type=\"widget\" data-widget_type=\"image.default\">\n\t\t\t\t<div class=\"elementor-widget-container\">\n\t\t\t\t\t\t\t\t\t\t\t\t\t\t\t<img fetchpriority=\"high\" decoding=\"async\" width=\"1920\" height=\"598\" src=\"https:\/\/aitanatop.ific.uv.es\/aitanatop\/luxe\/wp-content\/uploads\/sites\/8\/2022\/11\/logo_aitana_luxe.png\" class=\"attachment-full size-full wp-image-724\" alt=\"\" srcset=\"https:\/\/aitanatop.ific.uv.es\/aitanatop\/luxe\/wp-content\/uploads\/sites\/8\/2022\/11\/logo_aitana_luxe.png 1920w, https:\/\/aitanatop.ific.uv.es\/aitanatop\/luxe\/wp-content\/uploads\/sites\/8\/2022\/11\/logo_aitana_luxe-300x93.png 300w, https:\/\/aitanatop.ific.uv.es\/aitanatop\/luxe\/wp-content\/uploads\/sites\/8\/2022\/11\/logo_aitana_luxe-1024x319.png 1024w, https:\/\/aitanatop.ific.uv.es\/aitanatop\/luxe\/wp-content\/uploads\/sites\/8\/2022\/11\/logo_aitana_luxe-768x239.png 768w, https:\/\/aitanatop.ific.uv.es\/aitanatop\/luxe\/wp-content\/uploads\/sites\/8\/2022\/11\/logo_aitana_luxe-1536x478.png 1536w\" sizes=\"(max-width: 1920px) 100vw, 1920px\" \/>\t\t\t\t\t\t\t\t\t\t\t\t\t\t\t<\/div>\n\t\t\t\t<\/div>\n\t\t\t\t\t<\/div>\n\t\t<\/div>\n\t\t\t\t\t<\/div>\n\t\t<\/section>\n\t\t\t\t<section class=\"elementor-section elementor-top-section elementor-element elementor-element-f8a6866 elementor-section-boxed elementor-section-height-default elementor-section-height-default\" data-id=\"f8a6866\" data-element_type=\"section\" data-e-type=\"section\" data-settings=\"{&quot;background_background&quot;:&quot;classic&quot;}\">\n\t\t\t\t\t\t<div class=\"elementor-container elementor-column-gap-default\">\n\t\t\t\t\t<div class=\"elementor-column elementor-col-100 elementor-top-column elementor-element elementor-element-166aa58\" data-id=\"166aa58\" data-element_type=\"column\" data-e-type=\"column\">\n\t\t\t<div class=\"elementor-widget-wrap elementor-element-populated\">\n\t\t\t\t\t\t<div class=\"elementor-element elementor-element-ddecdb1 elementor-widget elementor-widget-spacer\" data-id=\"ddecdb1\" data-element_type=\"widget\" data-e-type=\"widget\" data-widget_type=\"spacer.default\">\n\t\t\t\t<div class=\"elementor-widget-container\">\n\t\t\t\t\t\t\t<div class=\"elementor-spacer\">\n\t\t\t<div class=\"elementor-spacer-inner\"><\/div>\n\t\t<\/div>\n\t\t\t\t\t\t<\/div>\n\t\t\t\t<\/div>\n\t\t\t\t<div class=\"elementor-element elementor-element-4a840e5 elementor-widget elementor-widget-heading\" data-id=\"4a840e5\" data-element_type=\"widget\" data-e-type=\"widget\" data-widget_type=\"heading.default\">\n\t\t\t\t<div class=\"elementor-widget-container\">\n\t\t\t\t\t<h1 class=\"elementor-heading-title elementor-size-default\">GROUP MEMBERS<\/h1>\t\t\t\t<\/div>\n\t\t\t\t<\/div>\n\t\t\t\t<div class=\"elementor-element elementor-element-fd3cc44 elementor-widget elementor-widget-heading\" data-id=\"fd3cc44\" data-element_type=\"widget\" data-e-type=\"widget\" data-widget_type=\"heading.default\">\n\t\t\t\t<div class=\"elementor-widget-container\">\n\t\t\t\t\t<p class=\"elementor-heading-title elementor-size-default\">Matter: LUXE<\/p>\t\t\t\t<\/div>\n\t\t\t\t<\/div>\n\t\t\t\t<div class=\"elementor-element elementor-element-a2e3496 elementor-widget elementor-widget-image\" data-id=\"a2e3496\" data-element_type=\"widget\" data-e-type=\"widget\" data-widget_type=\"image.default\">\n\t\t\t\t<div class=\"elementor-widget-container\">\n\t\t\t\t\t\t\t\t\t\t\t\t\t\t\t<img decoding=\"async\" src=\"https:\/\/aitanatop.ific.uv.es\/aitanatop\/wp-content\/uploads\/2021\/05\/Separador.png\" title=\"\" alt=\"\" loading=\"lazy\" \/>\t\t\t\t\t\t\t\t\t\t\t\t\t\t\t<\/div>\n\t\t\t\t<\/div>\n\t\t\t\t\t<\/div>\n\t\t<\/div>\n\t\t\t\t\t<\/div>\n\t\t<\/section>\n\t\t\t\t<section class=\"elementor-section elementor-top-section elementor-element elementor-element-8a0c702 elementor-section-boxed elementor-section-height-default elementor-section-height-default\" data-id=\"8a0c702\" data-element_type=\"section\" data-e-type=\"section\" data-settings=\"{&quot;background_background&quot;:&quot;classic&quot;}\">\n\t\t\t\t\t\t<div class=\"elementor-container elementor-column-gap-default\">\n\t\t\t\t\t<div class=\"elementor-column elementor-col-100 elementor-top-column elementor-element elementor-element-3a64729\" data-id=\"3a64729\" data-element_type=\"column\" data-e-type=\"column\">\n\t\t\t<div class=\"elementor-widget-wrap elementor-element-populated\">\n\t\t\t\t\t\t<div class=\"elementor-element elementor-element-5af9c39 elementor-widget elementor-widget-spacer\" data-id=\"5af9c39\" data-element_type=\"widget\" data-e-type=\"widget\" data-widget_type=\"spacer.default\">\n\t\t\t\t<div class=\"elementor-widget-container\">\n\t\t\t\t\t\t\t<div class=\"elementor-spacer\">\n\t\t\t<div class=\"elementor-spacer-inner\"><\/div>\n\t\t<\/div>\n\t\t\t\t\t\t<\/div>\n\t\t\t\t<\/div>\n\t\t\t\t<div class=\"elementor-element elementor-element-cd14b84 elementor-widget elementor-widget-text-editor\" data-id=\"cd14b84\" data-element_type=\"widget\" data-e-type=\"widget\" data-widget_type=\"text-editor.default\">\n\t\t\t\t<div class=\"elementor-widget-container\">\n\t\t\t\t\t\t\t\t\t<ul><li><a href=\"https:\/\/aitanatop.ific.uv.es\/aitanatop\/members\/adrian-irles-quiles\/\">Adri\u00e1n Irles Quiles<\/a><\/li><li><a href=\"https:\/\/aitanatop.ific.uv.es\/aitanatop\/members\/cesar-blanch-gutierrez\">C\u00e9sar Blanch Guti\u00e9rrez<\/a><\/li><li><a href=\"https:\/\/aitanatop.ific.uv.es\/aitanatop\/members\/shan-huang\">Shan Huang<\/a><\/li><li><a href=\"https:\/\/aitanatop.ific.uv.es\/aitanatop\/members\/carlos-orero-canet\/\">Carlos Orero Canet<\/a><\/li><li><a href=\"https:\/\/aitanatop.ific.uv.es\/aitanatop\/members\/melissa-almanza-soto\">Melissa Almanza Soto<\/a><\/li><\/ul>\t\t\t\t\t\t\t\t<\/div>\n\t\t\t\t<\/div>\n\t\t\t\t<div class=\"elementor-element elementor-element-2064ce7 elementor-widget elementor-widget-spacer\" data-id=\"2064ce7\" data-element_type=\"widget\" data-e-type=\"widget\" data-widget_type=\"spacer.default\">\n\t\t\t\t<div class=\"elementor-widget-container\">\n\t\t\t\t\t\t\t<div class=\"elementor-spacer\">\n\t\t\t<div class=\"elementor-spacer-inner\"><\/div>\n\t\t<\/div>\n\t\t\t\t\t\t<\/div>\n\t\t\t\t<\/div>\n\t\t\t\t<div class=\"elementor-element elementor-element-d61bf6e elementor-align-center elementor-widget elementor-widget-button\" data-id=\"d61bf6e\" data-element_type=\"widget\" data-e-type=\"widget\" data-widget_type=\"button.default\">\n\t\t\t\t<div class=\"elementor-widget-container\">\n\t\t\t\t\t\t\t\t\t<div class=\"elementor-button-wrapper\">\n\t\t\t\t\t<a class=\"elementor-button elementor-button-link elementor-size-sm\" href=\"https:\/\/aitanatop.ific.uv.es\/aitanatop\/members\/\">\n\t\t\t\t\t\t<span class=\"elementor-button-content-wrapper\">\n\t\t\t\t\t\t\t\t\t<span class=\"elementor-button-text\">List of all AITANA members<\/span>\n\t\t\t\t\t<\/span>\n\t\t\t\t\t<\/a>\n\t\t\t\t<\/div>\n\t\t\t\t\t\t\t\t<\/div>\n\t\t\t\t<\/div>\n\t\t\t\t<div class=\"elementor-element elementor-element-6d3b232 elementor-widget elementor-widget-spacer\" data-id=\"6d3b232\" data-element_type=\"widget\" data-e-type=\"widget\" data-widget_type=\"spacer.default\">\n\t\t\t\t<div class=\"elementor-widget-container\">\n\t\t\t\t\t\t\t<div class=\"elementor-spacer\">\n\t\t\t<div class=\"elementor-spacer-inner\"><\/div>\n\t\t<\/div>\n\t\t\t\t\t\t<\/div>\n\t\t\t\t<\/div>\n\t\t\t\t\t<\/div>\n\t\t<\/div>\n\t\t\t\t\t<\/div>\n\t\t<\/section>\n\t\t\t\t<\/div>\n\t\t","protected":false},"excerpt":{"rendered":"<p>GROUP MEMBERS Matter: LUXE Adri\u00e1n Irles Quiles C\u00e9sar Blanch Guti\u00e9rrez Shan Huang Carlos Orero Canet Melissa Almanza Soto List of all AITANA members<\/p>\n","protected":false},"author":2,"featured_media":0,"parent":0,"menu_order":0,"comment_status":"closed","ping_status":"closed","template":"","meta":{"footnotes":""},"class_list":["post-9","page","type-page","status-publish","hentry","wpbf-post"],"jetpack_sharing_enabled":true,"_links":{"self":[{"href":"https:\/\/aitanatop.ific.uv.es\/aitanatop\/luxe\/wp-json\/wp\/v2\/pages\/9","targetHints":{"allow":["GET"]}}],"collection":[{"href":"https:\/\/aitanatop.ific.uv.es\/aitanatop\/luxe\/wp-json\/wp\/v2\/pages"}],"about":[{"href":"https:\/\/aitanatop.ific.uv.es\/aitanatop\/luxe\/wp-json\/wp\/v2\/types\/page"}],"author":[{"embeddable":true,"href":"https:\/\/aitanatop.ific.uv.es\/aitanatop\/luxe\/wp-json\/wp\/v2\/users\/2"}],"replies":[{"embeddable":true,"href":"https:\/\/aitanatop.ific.uv.es\/aitanatop\/luxe\/wp-json\/wp\/v2\/comments?post=9"}],"version-history":[{"count":94,"href":"https:\/\/aitanatop.ific.uv.es\/aitanatop\/luxe\/wp-json\/wp\/v2\/pages\/9\/revisions"}],"predecessor-version":[{"id":925,"href":"https:\/\/aitanatop.ific.uv.es\/aitanatop\/luxe\/wp-json\/wp\/v2\/pages\/9\/revisions\/925"}],"wp:attachment":[{"href":"https:\/\/aitanatop.ific.uv.es\/aitanatop\/luxe\/wp-json\/wp\/v2\/media?parent=9"}],"curies":[{"name":"wp","href":"https:\/\/api.w.org\/{rel}","templated":true}]}}