{"id":9,"date":"2021-05-11T14:57:45","date_gmt":"2021-05-11T14:57:45","guid":{"rendered":"https:\/\/aitanatop.ific.uv.es\/aitanatop\/ion-accelerator\/?page_id=9"},"modified":"2025-11-12T09:26:01","modified_gmt":"2025-11-12T09:26:01","slug":"group-members","status":"publish","type":"page","link":"https:\/\/aitanatop.ific.uv.es\/aitanatop\/ion-accelerator\/group-members\/","title":{"rendered":"Group Members"},"content":{"rendered":"\t\t<div data-elementor-type=\"wp-page\" data-elementor-id=\"9\" class=\"elementor elementor-9\">\n\t\t\t\t\t\t<section class=\"elementor-section elementor-top-section elementor-element elementor-element-21c8c55 elementor-section-full_width elementor-section-height-default elementor-section-height-default\" data-id=\"21c8c55\" data-element_type=\"section\" data-e-type=\"section\">\n\t\t\t\t\t\t<div class=\"elementor-container elementor-column-gap-default\">\n\t\t\t\t\t<div class=\"elementor-column elementor-col-100 elementor-top-column elementor-element elementor-element-e064465\" data-id=\"e064465\" data-element_type=\"column\" data-e-type=\"column\">\n\t\t\t<div class=\"elementor-widget-wrap elementor-element-populated\">\n\t\t\t\t\t\t<div class=\"elementor-element elementor-element-d02ed5f elementor-widget elementor-widget-image\" data-id=\"d02ed5f\" data-element_type=\"widget\" data-e-type=\"widget\" data-widget_type=\"image.default\">\n\t\t\t\t<div class=\"elementor-widget-container\">\n\t\t\t\t\t\t\t\t\t\t\t\t\t\t\t<img fetchpriority=\"high\" decoding=\"async\" width=\"1920\" height=\"300\" src=\"https:\/\/aitanatop.ific.uv.es\/aitanatop\/ion-accelerator\/wp-content\/uploads\/sites\/9\/2021\/06\/AP_Cabecera.jpg\" class=\"attachment-full size-full wp-image-465\" alt=\"\" srcset=\"https:\/\/aitanatop.ific.uv.es\/aitanatop\/ion-accelerator\/wp-content\/uploads\/sites\/9\/2021\/06\/AP_Cabecera.jpg 1920w, https:\/\/aitanatop.ific.uv.es\/aitanatop\/ion-accelerator\/wp-content\/uploads\/sites\/9\/2021\/06\/AP_Cabecera-300x47.jpg 300w, https:\/\/aitanatop.ific.uv.es\/aitanatop\/ion-accelerator\/wp-content\/uploads\/sites\/9\/2021\/06\/AP_Cabecera-1024x160.jpg 1024w, https:\/\/aitanatop.ific.uv.es\/aitanatop\/ion-accelerator\/wp-content\/uploads\/sites\/9\/2021\/06\/AP_Cabecera-768x120.jpg 768w, https:\/\/aitanatop.ific.uv.es\/aitanatop\/ion-accelerator\/wp-content\/uploads\/sites\/9\/2021\/06\/AP_Cabecera-1536x240.jpg 1536w\" sizes=\"(max-width: 1920px) 100vw, 1920px\" \/>\t\t\t\t\t\t\t\t\t\t\t\t\t\t\t<\/div>\n\t\t\t\t<\/div>\n\t\t\t\t\t<\/div>\n\t\t<\/div>\n\t\t\t\t\t<\/div>\n\t\t<\/section>\n\t\t\t\t<section class=\"elementor-section elementor-top-section elementor-element elementor-element-f8a6866 elementor-section-boxed elementor-section-height-default elementor-section-height-default\" data-id=\"f8a6866\" data-element_type=\"section\" data-e-type=\"section\" data-settings=\"{&quot;background_background&quot;:&quot;classic&quot;}\">\n\t\t\t\t\t\t<div class=\"elementor-container elementor-column-gap-default\">\n\t\t\t\t\t<div class=\"elementor-column elementor-col-100 elementor-top-column elementor-element elementor-element-166aa58\" data-id=\"166aa58\" data-element_type=\"column\" data-e-type=\"column\">\n\t\t\t<div class=\"elementor-widget-wrap elementor-element-populated\">\n\t\t\t\t\t\t<div class=\"elementor-element elementor-element-ddecdb1 elementor-widget elementor-widget-spacer\" data-id=\"ddecdb1\" data-element_type=\"widget\" data-e-type=\"widget\" data-widget_type=\"spacer.default\">\n\t\t\t\t<div class=\"elementor-widget-container\">\n\t\t\t\t\t\t\t<div class=\"elementor-spacer\">\n\t\t\t<div class=\"elementor-spacer-inner\"><\/div>\n\t\t<\/div>\n\t\t\t\t\t\t<\/div>\n\t\t\t\t<\/div>\n\t\t\t\t<div class=\"elementor-element elementor-element-4a840e5 elementor-widget elementor-widget-heading\" data-id=\"4a840e5\" data-element_type=\"widget\" data-e-type=\"widget\" data-widget_type=\"heading.default\">\n\t\t\t\t<div class=\"elementor-widget-container\">\n\t\t\t\t\t<h1 class=\"elementor-heading-title elementor-size-default\">GROUP MEMBERS<\/h1>\t\t\t\t<\/div>\n\t\t\t\t<\/div>\n\t\t\t\t<div class=\"elementor-element elementor-element-cf62c85 elementor-widget elementor-widget-heading\" data-id=\"cf62c85\" data-element_type=\"widget\" data-e-type=\"widget\" data-widget_type=\"heading.default\">\n\t\t\t\t<div class=\"elementor-widget-container\">\n\t\t\t\t\t<p class=\"elementor-heading-title elementor-size-default\">Technology: Ion Therapy<\/p>\t\t\t\t<\/div>\n\t\t\t\t<\/div>\n\t\t\t\t<div class=\"elementor-element elementor-element-a2e3496 elementor-widget elementor-widget-image\" data-id=\"a2e3496\" data-element_type=\"widget\" data-e-type=\"widget\" data-widget_type=\"image.default\">\n\t\t\t\t<div class=\"elementor-widget-container\">\n\t\t\t\t\t\t\t\t\t\t\t\t\t\t\t<img decoding=\"async\" src=\"https:\/\/aitanatop.ific.uv.es\/aitanatop\/wp-content\/uploads\/2021\/05\/Separador.png\" title=\"\" alt=\"\" loading=\"lazy\" \/>\t\t\t\t\t\t\t\t\t\t\t\t\t\t\t<\/div>\n\t\t\t\t<\/div>\n\t\t\t\t<div class=\"elementor-element elementor-element-01a3905 elementor-widget elementor-widget-text-editor\" data-id=\"01a3905\" data-element_type=\"widget\" data-e-type=\"widget\" data-widget_type=\"text-editor.default\">\n\t\t\t\t<div class=\"elementor-widget-container\">\n\t\t\t\t\t\t\t\t\t<ul><li><a href=\"https:\/\/aitanatop.ific.uv.es\/aitanatop\/members\/juan-fuster-verdu\/\">Juan Fuster Verd\u00fa<\/a><\/li><li><a href=\"https:\/\/aitanatop.ific.uv.es\/aitanatop\/members\/daniel-esperante-pereira\">Daniel Esperante Pereira<\/a><\/li><li><a href=\"https:\/\/aitanatop.ific.uv.es\/aitanatop\/members\/benito-gimeno-martinez\">Benito Gimeno Mart\u00ednez<\/a><\/li><li><a href=\"https:\/\/aitanatop.ific.uv.es\/aitanatop\/members\/hitoshi-yamamoto\">Hitoshi Yamamoto<\/a><\/li><li><a href=\"https:\/\/aitanatop.ific.uv.es\/aitanatop\/members\/nuria-fuster-martinez\">Nuria Fuster Mart\u00ednez<\/a><\/li><li><a href=\"https:\/\/aitanatop.ific.uv.es\/aitanatop\/members\/cesar-blanch-gutierrez\">C\u00e9sar Blanch Guti\u00e9rrez<\/a><\/li><li><a href=\"https:\/\/aitanatop.ific.uv.es\/aitanatop\/members\/marca-boronat-arevalo\">Mar\u00e7a Boronat Ar\u00e9valo<\/a><\/li><li><a href=\"https:\/\/aitanatop.ific.uv.es\/aitanatop\/members\/Daniel-Gonzalez-Iglesias\">Daniel Gonz\u00e1lez Igl\u00e9sias<\/a><\/li><li><a href=\"https:\/\/aitanatop.ific.uv.es\/aitanatop\/members\/jesus-soret\">Jesus Soret<\/a><\/li><li><a href=\"https:\/\/aitanatop.ific.uv.es\/aitanatop\/members\/jose-torres\">Jos\u00e9 Torres<\/a><\/li><li><a href=\"https:\/\/aitanatop.ific.uv.es\/aitanatop\/members\/raimundo-garcia\">Raimundo Garc\u00eda<\/a><\/li><li><a href=\"https:\/\/aitanatop.ific.uv.es\/aitanatop\/members\/eduardo-martinez-lopez\">Eduardo Mart\u00ednez L\u00f3pez<\/a><\/li><li><a href=\"https:\/\/aitanatop.ific.uv.es\/aitanatop\/members\/pablo-martin-luna\">Pablo Mart\u00edn Luna<\/a><\/li><li><a href=\"https:\/\/aitanatop.ific.uv.es\/aitanatop\/members\/pablo-martinez-reviriego\">Pablo Mart\u00ednez Reviriego<\/a><\/li><li><a href=\"https:\/\/aitanatop.ific.uv.es\/aitanatop\/members\/abraham-menendez-marquez\">Abraham Men\u00e9ndez M\u00e1rquez<\/a><\/li><li><a href=\"https:\/\/aitanatop.ific.uv.es\/aitanatop\/members\/laura-pedraza-motavita\">Laura Pedraza Motavita<\/a><\/li><\/ul>\t\t\t\t\t\t\t\t<\/div>\n\t\t\t\t<\/div>\n\t\t\t\t<div class=\"elementor-element elementor-element-cb88b96 elementor-align-center elementor-widget elementor-widget-button\" data-id=\"cb88b96\" data-element_type=\"widget\" data-e-type=\"widget\" data-widget_type=\"button.default\">\n\t\t\t\t<div class=\"elementor-widget-container\">\n\t\t\t\t\t\t\t\t\t<div class=\"elementor-button-wrapper\">\n\t\t\t\t\t<a class=\"elementor-button elementor-button-link elementor-size-sm\" href=\"https:\/\/aitanatop.ific.uv.es\/aitanatop\/members\/\">\n\t\t\t\t\t\t<span class=\"elementor-button-content-wrapper\">\n\t\t\t\t\t\t\t\t\t<span class=\"elementor-button-text\">List of all AITANA members<\/span>\n\t\t\t\t\t<\/span>\n\t\t\t\t\t<\/a>\n\t\t\t\t<\/div>\n\t\t\t\t\t\t\t\t<\/div>\n\t\t\t\t<\/div>\n\t\t\t\t\t<\/div>\n\t\t<\/div>\n\t\t\t\t\t<\/div>\n\t\t<\/section>\n\t\t\t\t<\/div>\n\t\t","protected":false},"excerpt":{"rendered":"<p>GROUP MEMBERS Technology: Ion Therapy Juan Fuster Verd\u00fa Daniel Esperante Pereira Benito Gimeno Mart\u00ednez Hitoshi Yamamoto Nuria Fuster Mart\u00ednez C\u00e9sar Blanch Guti\u00e9rrez Mar\u00e7a Boronat Ar\u00e9valo Daniel Gonz\u00e1lez Igl\u00e9sias Jesus Soret Jos\u00e9 Torres Raimundo Garc\u00eda Eduardo Mart\u00ednez L\u00f3pez Pablo Mart\u00edn Luna Pablo Mart\u00ednez Reviriego Abraham Men\u00e9ndez M\u00e1rquez Laura Pedraza Motavita List of all AITANA members<\/p>\n","protected":false},"author":2,"featured_media":0,"parent":0,"menu_order":0,"comment_status":"closed","ping_status":"closed","template":"","meta":{"footnotes":""},"class_list":["post-9","page","type-page","status-publish","hentry","wpbf-post"],"_links":{"self":[{"href":"https:\/\/aitanatop.ific.uv.es\/aitanatop\/ion-accelerator\/wp-json\/wp\/v2\/pages\/9","targetHints":{"allow":["GET"]}}],"collection":[{"href":"https:\/\/aitanatop.ific.uv.es\/aitanatop\/ion-accelerator\/wp-json\/wp\/v2\/pages"}],"about":[{"href":"https:\/\/aitanatop.ific.uv.es\/aitanatop\/ion-accelerator\/wp-json\/wp\/v2\/types\/page"}],"author":[{"embeddable":true,"href":"https:\/\/aitanatop.ific.uv.es\/aitanatop\/ion-accelerator\/wp-json\/wp\/v2\/users\/2"}],"replies":[{"embeddable":true,"href":"https:\/\/aitanatop.ific.uv.es\/aitanatop\/ion-accelerator\/wp-json\/wp\/v2\/comments?post=9"}],"version-history":[{"count":115,"href":"https:\/\/aitanatop.ific.uv.es\/aitanatop\/ion-accelerator\/wp-json\/wp\/v2\/pages\/9\/revisions"}],"predecessor-version":[{"id":862,"href":"https:\/\/aitanatop.ific.uv.es\/aitanatop\/ion-accelerator\/wp-json\/wp\/v2\/pages\/9\/revisions\/862"}],"wp:attachment":[{"href":"https:\/\/aitanatop.ific.uv.es\/aitanatop\/ion-accelerator\/wp-json\/wp\/v2\/media?parent=9"}],"curies":[{"name":"wp","href":"https:\/\/api.w.org\/{rel}","templated":true}]}}