{"id":9,"date":"2021-05-11T14:57:45","date_gmt":"2021-05-11T14:57:45","guid":{"rendered":"https:\/\/aitanatop.ific.uv.es\/aitanatop\/detector-rd\/?page_id=9"},"modified":"2025-05-06T07:52:21","modified_gmt":"2025-05-06T07:52:21","slug":"group-members","status":"publish","type":"page","link":"https:\/\/aitanatop.ific.uv.es\/aitanatop\/detector-rd\/group-members\/","title":{"rendered":"Group Members"},"content":{"rendered":"\t\t<div data-elementor-type=\"wp-page\" data-elementor-id=\"9\" class=\"elementor elementor-9\">\n\t\t\t\t\t\t<section class=\"elementor-section elementor-top-section elementor-element elementor-element-21c8c55 elementor-section-full_width elementor-section-height-default elementor-section-height-default\" data-id=\"21c8c55\" data-element_type=\"section\" data-e-type=\"section\">\n\t\t\t\t\t\t<div class=\"elementor-container elementor-column-gap-default\">\n\t\t\t\t\t<div class=\"elementor-column elementor-col-100 elementor-top-column elementor-element elementor-element-e064465\" data-id=\"e064465\" data-element_type=\"column\" data-e-type=\"column\">\n\t\t\t<div class=\"elementor-widget-wrap elementor-element-populated\">\n\t\t\t\t\t\t<div class=\"elementor-element elementor-element-d02ed5f elementor-widget elementor-widget-image\" data-id=\"d02ed5f\" data-element_type=\"widget\" data-e-type=\"widget\" data-widget_type=\"image.default\">\n\t\t\t\t<div class=\"elementor-widget-container\">\n\t\t\t\t\t\t\t\t\t\t\t\t\t\t\t<img fetchpriority=\"high\" decoding=\"async\" width=\"1920\" height=\"300\" src=\"https:\/\/aitanatop.ific.uv.es\/aitanatop\/detector-rd\/wp-content\/uploads\/sites\/5\/2021\/06\/DRD_Cabecera.jpg\" class=\"attachment-full size-full wp-image-499\" alt=\"\" srcset=\"https:\/\/aitanatop.ific.uv.es\/aitanatop\/detector-rd\/wp-content\/uploads\/sites\/5\/2021\/06\/DRD_Cabecera.jpg 1920w, https:\/\/aitanatop.ific.uv.es\/aitanatop\/detector-rd\/wp-content\/uploads\/sites\/5\/2021\/06\/DRD_Cabecera-300x47.jpg 300w, https:\/\/aitanatop.ific.uv.es\/aitanatop\/detector-rd\/wp-content\/uploads\/sites\/5\/2021\/06\/DRD_Cabecera-1024x160.jpg 1024w, https:\/\/aitanatop.ific.uv.es\/aitanatop\/detector-rd\/wp-content\/uploads\/sites\/5\/2021\/06\/DRD_Cabecera-768x120.jpg 768w, https:\/\/aitanatop.ific.uv.es\/aitanatop\/detector-rd\/wp-content\/uploads\/sites\/5\/2021\/06\/DRD_Cabecera-1536x240.jpg 1536w\" sizes=\"(max-width: 1920px) 100vw, 1920px\" \/>\t\t\t\t\t\t\t\t\t\t\t\t\t\t\t<\/div>\n\t\t\t\t<\/div>\n\t\t\t\t\t<\/div>\n\t\t<\/div>\n\t\t\t\t\t<\/div>\n\t\t<\/section>\n\t\t\t\t<section class=\"elementor-section elementor-top-section elementor-element elementor-element-f8a6866 elementor-section-boxed elementor-section-height-default elementor-section-height-default\" data-id=\"f8a6866\" data-element_type=\"section\" data-e-type=\"section\" data-settings=\"{&quot;background_background&quot;:&quot;classic&quot;}\">\n\t\t\t\t\t\t<div class=\"elementor-container elementor-column-gap-default\">\n\t\t\t\t\t<div class=\"elementor-column elementor-col-100 elementor-top-column elementor-element elementor-element-166aa58\" data-id=\"166aa58\" data-element_type=\"column\" data-e-type=\"column\">\n\t\t\t<div class=\"elementor-widget-wrap elementor-element-populated\">\n\t\t\t\t\t\t<div class=\"elementor-element elementor-element-ddecdb1 elementor-widget elementor-widget-spacer\" data-id=\"ddecdb1\" data-element_type=\"widget\" data-e-type=\"widget\" data-widget_type=\"spacer.default\">\n\t\t\t\t<div class=\"elementor-widget-container\">\n\t\t\t\t\t\t\t<div class=\"elementor-spacer\">\n\t\t\t<div class=\"elementor-spacer-inner\"><\/div>\n\t\t<\/div>\n\t\t\t\t\t\t<\/div>\n\t\t\t\t<\/div>\n\t\t\t\t<div class=\"elementor-element elementor-element-4a840e5 elementor-widget elementor-widget-heading\" data-id=\"4a840e5\" data-element_type=\"widget\" data-e-type=\"widget\" data-widget_type=\"heading.default\">\n\t\t\t\t<div class=\"elementor-widget-container\">\n\t\t\t\t\t<h1 class=\"elementor-heading-title elementor-size-default\">GROUP MEMBERS<\/h1>\t\t\t\t<\/div>\n\t\t\t\t<\/div>\n\t\t\t\t<div class=\"elementor-element elementor-element-4abcbee elementor-widget elementor-widget-heading\" data-id=\"4abcbee\" data-element_type=\"widget\" data-e-type=\"widget\" data-widget_type=\"heading.default\">\n\t\t\t\t<div class=\"elementor-widget-container\">\n\t\t\t\t\t<p class=\"elementor-heading-title elementor-size-default\">Technology: Detector R&amp;D<\/p>\t\t\t\t<\/div>\n\t\t\t\t<\/div>\n\t\t\t\t<div class=\"elementor-element elementor-element-a2e3496 elementor-widget elementor-widget-image\" data-id=\"a2e3496\" data-element_type=\"widget\" data-e-type=\"widget\" data-widget_type=\"image.default\">\n\t\t\t\t<div class=\"elementor-widget-container\">\n\t\t\t\t\t\t\t\t\t\t\t\t\t\t\t<img decoding=\"async\" src=\"https:\/\/aitanatop.ific.uv.es\/aitanatop\/wp-content\/uploads\/2021\/05\/Separador.png\" title=\"\" alt=\"\" loading=\"lazy\" \/>\t\t\t\t\t\t\t\t\t\t\t\t\t\t\t<\/div>\n\t\t\t\t<\/div>\n\t\t\t\t\t<\/div>\n\t\t<\/div>\n\t\t\t\t\t<\/div>\n\t\t<\/section>\n\t\t\t\t<section class=\"elementor-section elementor-top-section elementor-element elementor-element-80b2955 elementor-section-boxed elementor-section-height-default elementor-section-height-default\" data-id=\"80b2955\" data-element_type=\"section\" data-e-type=\"section\" data-settings=\"{&quot;background_background&quot;:&quot;classic&quot;}\">\n\t\t\t\t\t\t<div class=\"elementor-container elementor-column-gap-default\">\n\t\t\t\t\t<div class=\"elementor-column elementor-col-100 elementor-top-column elementor-element elementor-element-0d50b57\" data-id=\"0d50b57\" data-element_type=\"column\" data-e-type=\"column\">\n\t\t\t<div class=\"elementor-widget-wrap elementor-element-populated\">\n\t\t\t\t\t\t<div class=\"elementor-element elementor-element-bbac0bd elementor-widget elementor-widget-spacer\" data-id=\"bbac0bd\" data-element_type=\"widget\" data-e-type=\"widget\" data-widget_type=\"spacer.default\">\n\t\t\t\t<div class=\"elementor-widget-container\">\n\t\t\t\t\t\t\t<div class=\"elementor-spacer\">\n\t\t\t<div class=\"elementor-spacer-inner\"><\/div>\n\t\t<\/div>\n\t\t\t\t\t\t<\/div>\n\t\t\t\t<\/div>\n\t\t\t\t<div class=\"elementor-element elementor-element-565ce96 elementor-widget elementor-widget-text-editor\" data-id=\"565ce96\" data-element_type=\"widget\" data-e-type=\"widget\" data-widget_type=\"text-editor.default\">\n\t\t\t\t<div class=\"elementor-widget-container\">\n\t\t\t\t\t\t\t\t\t<ul><li><a href=\"https:\/\/aitanatop.ific.uv.es\/aitanatop\/members\/juan-fuster-verdu\/\">Juan Fuster Verd\u00fa<\/a><\/li><li><a href=\"https:\/\/aitanatop.ific.uv.es\/aitanatop\/members\/daniel-esperante-pereira\">Daniel Esperante Pereira<\/a><\/li><li><a href=\"https:\/\/aitanatop.ific.uv.es\/aitanatop\/members\/marcel-vos\">Marcel Vos<\/a><\/li><li><a href=\"https:\/\/aitanatop.ific.uv.es\/aitanatop\/members\/adrian-irles-quiles\/\">Adri\u00e1n Irles Quiles<\/a><\/li><li><a href=\"https:\/\/aitanatop.ific.uv.es\/aitanatop\/members\/cesar-blanch-gutierrez\">C\u00e9sar Blanch Guti\u00e9rrez<\/a><\/li><li><a href=\"https:\/\/aitanatop.ific.uv.es\/aitanatop\/members\/shan-huang\">Shan Huang<\/a><\/li><li><a href=\"https:\/\/aitanatop.ific.uv.es\/aitanatop\/members\/carlos-orero-canet\/\">Carlos Orero Canet<\/a><\/li><li><a href=\"https:\/\/aitanatop.ific.uv.es\/aitanatop\/members\/melissa-almanza-soto\">Melissa Almanza Soto<\/a><\/li><\/ul>\t\t\t\t\t\t\t\t<\/div>\n\t\t\t\t<\/div>\n\t\t\t\t<div class=\"elementor-element elementor-element-d21008b elementor-widget elementor-widget-spacer\" data-id=\"d21008b\" data-element_type=\"widget\" data-e-type=\"widget\" data-widget_type=\"spacer.default\">\n\t\t\t\t<div class=\"elementor-widget-container\">\n\t\t\t\t\t\t\t<div class=\"elementor-spacer\">\n\t\t\t<div class=\"elementor-spacer-inner\"><\/div>\n\t\t<\/div>\n\t\t\t\t\t\t<\/div>\n\t\t\t\t<\/div>\n\t\t\t\t<div class=\"elementor-element elementor-element-b1b6150 elementor-align-center elementor-widget elementor-widget-button\" data-id=\"b1b6150\" data-element_type=\"widget\" data-e-type=\"widget\" data-widget_type=\"button.default\">\n\t\t\t\t<div class=\"elementor-widget-container\">\n\t\t\t\t\t\t\t\t\t<div class=\"elementor-button-wrapper\">\n\t\t\t\t\t<a class=\"elementor-button elementor-button-link elementor-size-sm\" href=\"https:\/\/aitanatop.ific.uv.es\/aitanatop\/members\/\">\n\t\t\t\t\t\t<span class=\"elementor-button-content-wrapper\">\n\t\t\t\t\t\t\t\t\t<span class=\"elementor-button-text\">List of all AITANA members<\/span>\n\t\t\t\t\t<\/span>\n\t\t\t\t\t<\/a>\n\t\t\t\t<\/div>\n\t\t\t\t\t\t\t\t<\/div>\n\t\t\t\t<\/div>\n\t\t\t\t<div class=\"elementor-element elementor-element-80695c5 elementor-widget elementor-widget-spacer\" data-id=\"80695c5\" data-element_type=\"widget\" data-e-type=\"widget\" data-widget_type=\"spacer.default\">\n\t\t\t\t<div class=\"elementor-widget-container\">\n\t\t\t\t\t\t\t<div class=\"elementor-spacer\">\n\t\t\t<div class=\"elementor-spacer-inner\"><\/div>\n\t\t<\/div>\n\t\t\t\t\t\t<\/div>\n\t\t\t\t<\/div>\n\t\t\t\t\t<\/div>\n\t\t<\/div>\n\t\t\t\t\t<\/div>\n\t\t<\/section>\n\t\t\t\t<\/div>\n\t\t","protected":false},"excerpt":{"rendered":"<p>GROUP MEMBERS Technology: Detector R&amp;D Juan Fuster Verd\u00fa Daniel Esperante Pereira Marcel Vos Adri\u00e1n Irles Quiles C\u00e9sar Blanch Guti\u00e9rrez Shan Huang Carlos Orero Canet Melissa Almanza Soto List of all AITANA members<\/p>\n","protected":false},"author":2,"featured_media":0,"parent":0,"menu_order":0,"comment_status":"closed","ping_status":"closed","template":"","meta":{"footnotes":""},"class_list":["post-9","page","type-page","status-publish","hentry","wpbf-post"],"jetpack_sharing_enabled":true,"_links":{"self":[{"href":"https:\/\/aitanatop.ific.uv.es\/aitanatop\/detector-rd\/wp-json\/wp\/v2\/pages\/9","targetHints":{"allow":["GET"]}}],"collection":[{"href":"https:\/\/aitanatop.ific.uv.es\/aitanatop\/detector-rd\/wp-json\/wp\/v2\/pages"}],"about":[{"href":"https:\/\/aitanatop.ific.uv.es\/aitanatop\/detector-rd\/wp-json\/wp\/v2\/types\/page"}],"author":[{"embeddable":true,"href":"https:\/\/aitanatop.ific.uv.es\/aitanatop\/detector-rd\/wp-json\/wp\/v2\/users\/2"}],"replies":[{"embeddable":true,"href":"https:\/\/aitanatop.ific.uv.es\/aitanatop\/detector-rd\/wp-json\/wp\/v2\/comments?post=9"}],"version-history":[{"count":90,"href":"https:\/\/aitanatop.ific.uv.es\/aitanatop\/detector-rd\/wp-json\/wp\/v2\/pages\/9\/revisions"}],"predecessor-version":[{"id":894,"href":"https:\/\/aitanatop.ific.uv.es\/aitanatop\/detector-rd\/wp-json\/wp\/v2\/pages\/9\/revisions\/894"}],"wp:attachment":[{"href":"https:\/\/aitanatop.ific.uv.es\/aitanatop\/detector-rd\/wp-json\/wp\/v2\/media?parent=9"}],"curies":[{"name":"wp","href":"https:\/\/api.w.org\/{rel}","templated":true}]}}