{"id":584,"date":"2022-01-16T19:46:03","date_gmt":"2022-01-16T19:46:03","guid":{"rendered":"https:\/\/aitanatop.ific.uv.es\/aitanatop\/accelerator-physics\/?page_id=584"},"modified":"2022-03-08T08:21:50","modified_gmt":"2022-03-08T08:21:50","slug":"doslinc6project","status":"publish","type":"page","link":"https:\/\/aitanatop.ific.uv.es\/aitanatop\/accelerator-physics\/research\/doslinc6project\/","title":{"rendered":"DosLINC6 + Project"},"content":{"rendered":"\t\t<div data-elementor-type=\"wp-page\" data-elementor-id=\"584\" class=\"elementor elementor-584\">\n\t\t\t\t\t\t<section class=\"elementor-section elementor-top-section elementor-element elementor-element-3dc5ac0 elementor-section-full_width elementor-section-height-default elementor-section-height-default\" data-id=\"3dc5ac0\" data-element_type=\"section\" data-e-type=\"section\" data-settings=\"{&quot;background_background&quot;:&quot;classic&quot;}\">\n\t\t\t\t\t\t<div class=\"elementor-container elementor-column-gap-default\">\n\t\t\t\t\t<div class=\"elementor-column elementor-col-100 elementor-top-column elementor-element elementor-element-17d4496\" data-id=\"17d4496\" data-element_type=\"column\" data-e-type=\"column\">\n\t\t\t<div class=\"elementor-widget-wrap elementor-element-populated\">\n\t\t\t\t\t\t<div class=\"elementor-element elementor-element-75f5237 elementor-widget elementor-widget-image\" data-id=\"75f5237\" data-element_type=\"widget\" data-e-type=\"widget\" data-widget_type=\"image.default\">\n\t\t\t\t<div class=\"elementor-widget-container\">\n\t\t\t\t\t\t\t\t\t\t\t\t\t\t\t<img fetchpriority=\"high\" decoding=\"async\" width=\"1920\" height=\"300\" src=\"https:\/\/aitanatop.ific.uv.es\/aitanatop\/accelerator-physics\/wp-content\/uploads\/sites\/6\/2021\/06\/AP_Cabecera.jpg\" class=\"attachment-full size-full wp-image-465\" alt=\"\" srcset=\"https:\/\/aitanatop.ific.uv.es\/aitanatop\/accelerator-physics\/wp-content\/uploads\/sites\/6\/2021\/06\/AP_Cabecera.jpg 1920w, https:\/\/aitanatop.ific.uv.es\/aitanatop\/accelerator-physics\/wp-content\/uploads\/sites\/6\/2021\/06\/AP_Cabecera-300x47.jpg 300w, https:\/\/aitanatop.ific.uv.es\/aitanatop\/accelerator-physics\/wp-content\/uploads\/sites\/6\/2021\/06\/AP_Cabecera-1024x160.jpg 1024w, https:\/\/aitanatop.ific.uv.es\/aitanatop\/accelerator-physics\/wp-content\/uploads\/sites\/6\/2021\/06\/AP_Cabecera-768x120.jpg 768w, https:\/\/aitanatop.ific.uv.es\/aitanatop\/accelerator-physics\/wp-content\/uploads\/sites\/6\/2021\/06\/AP_Cabecera-1536x240.jpg 1536w\" sizes=\"(max-width: 1920px) 100vw, 1920px\" \/>\t\t\t\t\t\t\t\t\t\t\t\t\t\t\t<\/div>\n\t\t\t\t<\/div>\n\t\t\t\t\t<\/div>\n\t\t<\/div>\n\t\t\t\t\t<\/div>\n\t\t<\/section>\n\t\t\t\t<section class=\"elementor-section elementor-top-section elementor-element elementor-element-bae4427 elementor-section-boxed elementor-section-height-default elementor-section-height-default\" data-id=\"bae4427\" data-element_type=\"section\" data-e-type=\"section\" data-settings=\"{&quot;background_background&quot;:&quot;classic&quot;}\">\n\t\t\t\t\t\t<div class=\"elementor-container elementor-column-gap-default\">\n\t\t\t\t\t<div class=\"elementor-column elementor-col-100 elementor-top-column elementor-element elementor-element-47838d3\" data-id=\"47838d3\" data-element_type=\"column\" data-e-type=\"column\" data-settings=\"{&quot;background_background&quot;:&quot;classic&quot;}\">\n\t\t\t<div class=\"elementor-widget-wrap elementor-element-populated\">\n\t\t\t\t\t\t<div class=\"elementor-element elementor-element-c6f6f8b elementor-widget elementor-widget-spacer\" data-id=\"c6f6f8b\" data-element_type=\"widget\" data-e-type=\"widget\" data-widget_type=\"spacer.default\">\n\t\t\t\t<div class=\"elementor-widget-container\">\n\t\t\t\t\t\t\t<div class=\"elementor-spacer\">\n\t\t\t<div class=\"elementor-spacer-inner\"><\/div>\n\t\t<\/div>\n\t\t\t\t\t\t<\/div>\n\t\t\t\t<\/div>\n\t\t\t\t<div class=\"elementor-element elementor-element-194412f elementor-widget elementor-widget-heading\" data-id=\"194412f\" data-element_type=\"widget\" data-e-type=\"widget\" data-widget_type=\"heading.default\">\n\t\t\t\t<div class=\"elementor-widget-container\">\n\t\t\t\t\t<h1 class=\"elementor-heading-title elementor-size-default\">Diagnostics and Online System for a Linear INjector of Carbon 6+ ions for hadrontherapy<\/h1>\t\t\t\t<\/div>\n\t\t\t\t<\/div>\n\t\t\t\t<div class=\"elementor-element elementor-element-2b9e810 elementor-widget elementor-widget-heading\" data-id=\"2b9e810\" data-element_type=\"widget\" data-e-type=\"widget\" data-widget_type=\"heading.default\">\n\t\t\t\t<div class=\"elementor-widget-container\">\n\t\t\t\t\t<p class=\"elementor-heading-title elementor-size-default\">Financiado por la Agencia Valenciana de Innovaci\u00f3n (AVI)<\/p>\t\t\t\t<\/div>\n\t\t\t\t<\/div>\n\t\t\t\t<div class=\"elementor-element elementor-element-8f0fc41 elementor-widget elementor-widget-image\" data-id=\"8f0fc41\" data-element_type=\"widget\" data-e-type=\"widget\" data-widget_type=\"image.default\">\n\t\t\t\t<div class=\"elementor-widget-container\">\n\t\t\t\t\t\t\t\t\t\t\t\t\t\t\t<img decoding=\"async\" src=\"https:\/\/aitanatop.ific.uv.es\/aitanatop\/wp-content\/uploads\/2021\/05\/Separador.png\" title=\"\" alt=\"\" loading=\"lazy\" \/>\t\t\t\t\t\t\t\t\t\t\t\t\t\t\t<\/div>\n\t\t\t\t<\/div>\n\t\t\t\t<div class=\"elementor-element elementor-element-e18ca11 elementor-widget elementor-widget-text-editor\" data-id=\"e18ca11\" data-element_type=\"widget\" data-e-type=\"widget\" data-widget_type=\"text-editor.default\">\n\t\t\t\t<div class=\"elementor-widget-container\">\n\t\t\t\t\t\t\t\t\t<p><img decoding=\"async\" class=\"aligncenter wp-image-562 size-full\" src=\"https:\/\/aitanatop.ific.uv.es\/aitanatop\/accelerator-physics\/wp-content\/uploads\/sites\/6\/2022\/01\/AVI-Generalitat_VAL-HEADER.png\" alt=\"\" width=\"720\" height=\"108\" srcset=\"https:\/\/aitanatop.ific.uv.es\/aitanatop\/accelerator-physics\/wp-content\/uploads\/sites\/6\/2022\/01\/AVI-Generalitat_VAL-HEADER.png 720w, https:\/\/aitanatop.ific.uv.es\/aitanatop\/accelerator-physics\/wp-content\/uploads\/sites\/6\/2022\/01\/AVI-Generalitat_VAL-HEADER-300x45.png 300w\" sizes=\"(max-width: 720px) 100vw, 720px\" \/><\/p><p>El proyecto\u00a0DosLINC6+ es un proyecto financiado por la Agencia Valenciana de Innovaci\u00f3n (AVI):<\/p><ul><li><em>Programa<\/em>: Fortalecimiento y desarrollo del SVI para la mejora del modelo productivo<\/li><li><em>L\u00ednea de Actuaci\u00f3n<\/em>: Proyectos estrat\u00e9gicos en cooperaci\u00f3n<\/li><li><em>Entidad Beneficiaria<\/em>: Universitat de Val\u00e8ncia<\/li><li><em>T\u00edtulo del Proyecto<\/em>: DosLINC6+ &#8211; Diagnostics and Online System for a Linear INjector of Carbon 6+ ions for hadrontherapy (Sistema \u201conline\u201d para control y diagn\u00f3stico para un inyector de iones de Carbono 6+ para terapia con hadrones)\u201d<\/li><li><em>N\u00famero de Expediente<\/em>: INNEST\/2020\/123<\/li><\/ul><p>El objetivo del proyecto\u00a0DosLINC6+, que se encuadra dentro del \u00e1mbito de la Investigaci\u00f3n Industrial, es el dise\u00f1o y construcci\u00f3n del sistema \u00abonline\u00bb de un inyector lineal de terapia hadr\u00f3nica de iones de carbono 6+, que es una t\u00e9cnica de vanguardia para tratamiento de c\u00e1ncer. El sistema \u00abonline\u00bb comprende diferentes equipos para control y diagn\u00f3stico que permiten determinar de forma eficiente y muy precisa la posici\u00f3n y las principales caracter\u00edsticas del haz de hadrones. El proyecto se presenta como un consorcio entre el IFIC (Universitat de Val\u00e8ncia-CSIC) junto con las empresas valencianas UVAX Concepts y Thermal Vacuum Projects (TVP), contando adem\u00e1s con la estrecha colaboraci\u00f3n del CIEMAT y el asesoramiento del CERN. Esta propuesta se articula junto con otro proyecto de a\u00fan mayor alcance tecnol\u00f3gico en el contexto nacional consistente en la construcci\u00f3n completa de un inyector de iones de Carbono 6+ para hadronterapia con un rango energ\u00e9tico de unos 10 MeV\/u.<\/p><p>La hadronterapia consiste en el empleo de part\u00edculas pesadas cargadas (protones e iones pesados) como t\u00e9cnica de radioterapia, la cual permite una distribuci\u00f3n de dosis en los tejidos completamente diferente. El modo en que se deposita la dosis de radiaci\u00f3n reduce considerablemente la radiaci\u00f3n suministrada al tejido sano, respecto a la proporcionada por la radioterapia convencional, al localizar la dosis fundamentalmente sobre la regi\u00f3n del tumor, lo que constituye su principal ventaja frente a la radioterapia con fotones.<\/p>\t\t\t\t\t\t\t\t<\/div>\n\t\t\t\t<\/div>\n\t\t\t\t<div class=\"elementor-element elementor-element-7b279b8 elementor-widget elementor-widget-spacer\" data-id=\"7b279b8\" data-element_type=\"widget\" data-e-type=\"widget\" data-widget_type=\"spacer.default\">\n\t\t\t\t<div class=\"elementor-widget-container\">\n\t\t\t\t\t\t\t<div class=\"elementor-spacer\">\n\t\t\t<div class=\"elementor-spacer-inner\"><\/div>\n\t\t<\/div>\n\t\t\t\t\t\t<\/div>\n\t\t\t\t<\/div>\n\t\t\t\t\t<\/div>\n\t\t<\/div>\n\t\t\t\t\t<\/div>\n\t\t<\/section>\n\t\t\t\t<section class=\"elementor-section elementor-top-section elementor-element elementor-element-48c4838 elementor-section-boxed elementor-section-height-default elementor-section-height-default\" data-id=\"48c4838\" data-element_type=\"section\" data-e-type=\"section\" data-settings=\"{&quot;background_background&quot;:&quot;classic&quot;}\">\n\t\t\t\t\t\t<div class=\"elementor-container elementor-column-gap-default\">\n\t\t\t\t\t<div class=\"elementor-column elementor-col-100 elementor-top-column elementor-element elementor-element-3ef1b3e\" data-id=\"3ef1b3e\" data-element_type=\"column\" data-e-type=\"column\" data-settings=\"{&quot;background_background&quot;:&quot;classic&quot;}\">\n\t\t\t<div class=\"elementor-widget-wrap elementor-element-populated\">\n\t\t\t\t\t\t<div class=\"elementor-element elementor-element-b55c93e elementor-widget elementor-widget-image\" data-id=\"b55c93e\" data-element_type=\"widget\" data-e-type=\"widget\" data-widget_type=\"image.default\">\n\t\t\t\t<div class=\"elementor-widget-container\">\n\t\t\t\t\t\t\t\t\t\t\t\t\t\t\t<img decoding=\"async\" width=\"1370\" height=\"500\" src=\"https:\/\/aitanatop.ific.uv.es\/aitanatop\/accelerator-physics\/wp-content\/uploads\/sites\/6\/2021\/06\/AP_HGimg.jpg\" class=\"attachment-full size-full wp-image-437\" alt=\"\" srcset=\"https:\/\/aitanatop.ific.uv.es\/aitanatop\/accelerator-physics\/wp-content\/uploads\/sites\/6\/2021\/06\/AP_HGimg.jpg 1370w, https:\/\/aitanatop.ific.uv.es\/aitanatop\/accelerator-physics\/wp-content\/uploads\/sites\/6\/2021\/06\/AP_HGimg-300x109.jpg 300w, https:\/\/aitanatop.ific.uv.es\/aitanatop\/accelerator-physics\/wp-content\/uploads\/sites\/6\/2021\/06\/AP_HGimg-1024x374.jpg 1024w, https:\/\/aitanatop.ific.uv.es\/aitanatop\/accelerator-physics\/wp-content\/uploads\/sites\/6\/2021\/06\/AP_HGimg-768x280.jpg 768w\" sizes=\"(max-width: 1370px) 100vw, 1370px\" \/>\t\t\t\t\t\t\t\t\t\t\t\t\t\t\t<\/div>\n\t\t\t\t<\/div>\n\t\t\t\t<div class=\"elementor-element elementor-element-e7df4ae elementor-widget elementor-widget-toggle\" data-id=\"e7df4ae\" data-element_type=\"widget\" data-e-type=\"widget\" data-widget_type=\"toggle.default\">\n\t\t\t\t<div class=\"elementor-widget-container\">\n\t\t\t\t\t\t\t<div class=\"elementor-toggle\">\n\t\t\t\t\t\t\t<div class=\"elementor-toggle-item\">\n\t\t\t\t\t<div id=\"elementor-tab-title-2431\" class=\"elementor-tab-title\" data-tab=\"1\" role=\"button\" aria-controls=\"elementor-tab-content-2431\" aria-expanded=\"false\">\n\t\t\t\t\t\t\t\t\t\t\t\t<span class=\"elementor-toggle-icon elementor-toggle-icon-left\" aria-hidden=\"true\">\n\t\t\t\t\t\t\t\t\t\t\t\t\t\t\t<span class=\"elementor-toggle-icon-closed\"><i class=\"far fa-plus-square\"><\/i><\/span>\n\t\t\t\t\t\t\t\t<span class=\"elementor-toggle-icon-opened\"><i class=\"elementor-toggle-icon-opened fas fa-minus\"><\/i><\/span>\n\t\t\t\t\t\t\t\t\t\t\t\t\t<\/span>\n\t\t\t\t\t\t\t\t\t\t\t\t<a class=\"elementor-toggle-title\" tabindex=\"0\">Objeto y finalidad del proyecto <\/a>\n\t\t\t\t\t<\/div>\n\n\t\t\t\t\t<div id=\"elementor-tab-content-2431\" class=\"elementor-tab-content elementor-clearfix\" data-tab=\"1\" role=\"region\" aria-labelledby=\"elementor-tab-title-2431\"><p>El objetivo espec\u00edfico es el de desarrollo y construcci\u00f3n de demostradores de capacidad tecnol\u00f3gica en la parte \u00abonline\u00bb de electr\u00f3nica de radiofrecuencia, adquisici\u00f3n y control en tiempo real para un posible inyector de iones completamente lineal basado en una cavidad tipo RFQ. El sistema \u201conline\u201d del inyector es responsable de los sensores de diagn\u00f3stico, adquisici\u00f3n de datos, distribuci\u00f3n de se\u00f1ales de activaci\u00f3n y disparo, y del control, configuraci\u00f3n y monitorizaci\u00f3n del inyector. Se describir\u00e1 a continuaci\u00f3n el plan de desarrollo conceptual y real del demostrador del sistema y las tecnolog\u00edas elegidas para su implementaci\u00f3n.<\/p><p>\u00a0<\/p><ol><li>Dise\u00f1o conceptual y puesta en marcha de un demostrador del sistema de RF de peque\u00f1a se\u00f1al del acelerador: Esta actividad abarca el dise\u00f1o conceptual y puesta en marcha de un demostrador del sistema de Radio Frecuencia de peque\u00f1a se\u00f1al o \u201cLow Level RF\u201d (LLRF) para un acelerador tipo Linac (Linear accelerator). El sistema de LLRF es una parte esencial de cualquier acelerador de part\u00edculas ya que es la que implementa el control y se\u00f1alizaci\u00f3n necesarias para el buen funcionamiento de este. Los sistemas de LLRF se hacen normalmente \u201cad hoc\u201d para cada acelerador.\u00a0<\/li><li>Desarrollo de sistema electr\u00f3nico de adquisici\u00f3n de datos de altas prestaciones para el acelerador: Esta actividad est\u00e1 estrechamente relacionada con la anterior. Consiste en el desarrollo de una plataforma completa de adquisici\u00f3n de datos a una tasa de muestreo y procesado en tiempo real en torno a los 100 MSPS (mega-muestras por segundo) para los sistemas de diagn\u00f3stico y de LLRF. El hardware, basado en el est\u00e1ndar microTCA (Telecommunications Computer Architecture) incluir\u00e1 diversos componentes, entre los que destaca el desarrollo de tarjetas de adquisici\u00f3n de datos en formato AMC con una potente FPGA para procesado en tiempo real.\u00a0<\/li><li>Sistemas de diagn\u00f3stico de haz del acelerador. Los sistemas de diagn\u00f3stico son la parte del sistema \u201conline\u201d m\u00e1s cercana al haz de iones y el elemento transductor encargado de transformar las magnitudes f\u00edsicas de tama\u00f1o del haz, emitancia, posici\u00f3n y corriente en una se\u00f1al el\u00e9ctrica tal que se pueda ser digitalizada por el sistema de adquisici\u00f3n. Para ello se prev\u00e9 el dise\u00f1o y construcci\u00f3n de un sistema de diagn\u00f3sticos compacto que est\u00e9 equipado con una serie de instrumentos que permitan medir las magnitudes f\u00edsicas mencionadas anteriormente. En general, el sistema deber\u00eda estar formado por una c\u00e1mara de vac\u00edo con varios puertos donde los instrumentos puedan ser colocados para que interact\u00faen con el haz de iones. De forma conceptual, el diagnostico tendr\u00eda que estar equipado con un sistema que permita medir el perfil transversal del haz, as\u00ed como otros sistemas para poder medir la corriente y la energ\u00eda del haz.<\/li><\/ol><p>El dise\u00f1o y construcci\u00f3n del sistema \u00abonline\u00bb se afronta desde una perspectiva m\u00e1s gen\u00e9rica e intentando usar y desarrollar hardware basado en est\u00e1ndares tecnol\u00f3gicos internacionales. De este modo se pretende que parte del hardware y software desarrollados puedan ser reutilizados para otras aplicaciones, similares o de otros campos. En el plan de desarrollo pretendemos reutilizar, en la medida de lo posible, y debido al limitado tiempo de ejecuci\u00f3n del proyecto, equipamiento cuyas prestaciones han sido validadas por colaboradores de \u00e1mbito internacional como el CERN (Ginebra, Suiza), DESY (Hamburgo, Alemania), SLAC (Palo Alto, EEUU) y dise\u00f1os hardware, firmware y software de licencia abierta, como puede ser el caso del CERN Open Hardware Repository (www.ohwr.org).<\/p><p>En lo que respecta a la parte del dise\u00f1o electr\u00f3nico de sistemas de adquisici\u00f3n, el desarrollo del proyecto utilizar\u00e1 como arquitectura base los sistemas xTCA, en este caso el\u00a0microTCA. En espec\u00edfico, el sistema\u00a0microTCA\u00a0est\u00e1 ganando popularidad en los \u00faltimos tiempos y se est\u00e1 convirtiendo en un est\u00e1ndar cada vez m\u00e1s usado para aplicaciones de medida y automatizaci\u00f3n.\u00a0microTCA\u00a0es un est\u00e1ndar abierto a nivel sistema, seg\u00fan el cual los sistemas se construyen conectando \u201cen caliente\u201d las tarjetas Advanced Mezzanine Cards\u00a0(dise\u00f1adas originalmente para su uso en AdvancedTCA\u00a0sobre una combinaci\u00f3n de chasis y tarjeta madre. Aunque en sus or\u00edgenes se dirigi\u00f3 a aplicaciones de telecomunicaciones,\u00a0microTCA\u00a0ha resultado ser una arquitectura tambi\u00e9n muy recomendable en otras aplicaciones.<\/p><p>Por tanto, en el sistema \u00abonline\u00bb, la lista de sub-sistemas (dispositivos) que depender\u00e1n de la infraestructura microTCA se puede dividir en cuatro categor\u00edas: diagn\u00f3stico de haz, sistemas de RF, protecci\u00f3n de la m\u00e1quina y sistema de sincronizaci\u00f3n. La categor\u00eda de diagn\u00f3stico de haz incluye sistemas como los monitores de posici\u00f3n y de corriente de haz, monitores de p\u00e9rdida de haz, medidores de emitancia y medidores de perfil transversal. Los sistemas RF comprenden sistemas de protecci\u00f3n de RF y RF de peque\u00f1a se\u00f1al. La protecci\u00f3n de la m\u00e1quina incluye un subconjunto de la l\u00f3gica de decisi\u00f3n del sistema de interbloqueo r\u00e1pido de haz con tarjetas AMC. El sistema de sincronizaci\u00f3n es necesario para el funcionamiento de todos los otros sistemas y para ello habr\u00e1 que desarrollar tarjetas AMC que implementen la funcionalidad necesaria.<\/p><\/div>\n\t\t\t\t<\/div>\n\t\t\t\t\t\t\t<div class=\"elementor-toggle-item\">\n\t\t\t\t\t<div id=\"elementor-tab-title-2432\" class=\"elementor-tab-title\" data-tab=\"2\" role=\"button\" aria-controls=\"elementor-tab-content-2432\" aria-expanded=\"false\">\n\t\t\t\t\t\t\t\t\t\t\t\t<span class=\"elementor-toggle-icon elementor-toggle-icon-left\" aria-hidden=\"true\">\n\t\t\t\t\t\t\t\t\t\t\t\t\t\t\t<span class=\"elementor-toggle-icon-closed\"><i class=\"far fa-plus-square\"><\/i><\/span>\n\t\t\t\t\t\t\t\t<span class=\"elementor-toggle-icon-opened\"><i class=\"elementor-toggle-icon-opened fas fa-minus\"><\/i><\/span>\n\t\t\t\t\t\t\t\t\t\t\t\t\t<\/span>\n\t\t\t\t\t\t\t\t\t\t\t\t<a class=\"elementor-toggle-title\" tabindex=\"0\"> Resumen final <\/a>\n\t\t\t\t\t<\/div>\n\n\t\t\t\t\t<div id=\"elementor-tab-content-2432\" class=\"elementor-tab-content elementor-clearfix\" data-tab=\"2\" role=\"region\" aria-labelledby=\"elementor-tab-title-2432\"><ul><li>El sistema \u00abonline\u00bb del proyecto que se presenta,\u00a0DosLINC6+\u00a0se enmarca en la construcci\u00f3n de componentes para un acelerador de iones de carbono 6+ y comprende: diagn\u00f3stico de haz, sistemas de radiofrecuencia (RF), protecci\u00f3n de la m\u00e1quina y sistema de sincronizaci\u00f3n,<\/li><li>este proyecto fomenta la colaboraci\u00f3n entre dos empresas de la Comunidad Valenciana con el sector de la F\u00edsica de Aceleradores para aplicaciones en Medicina, en concreto en el \u00e1rea de la hadr\u00f3n-terapia,<\/li><li>los centros y empresas participantes son: IFIC, CIEMAT, CERN, UVAX y TVP,<\/li><li>en este proyecto se dise\u00f1ar\u00e1n y desarrollar\u00e1n distintas tecnolog\u00edas punteras para su uso y aplicaci\u00f3n innovadora en aceleradores de iones: sistema de radiofrecuencia LLRF y de telecomunicaciones emergente microTCA.<\/li><\/ul><\/div>\n\t\t\t\t<\/div>\n\t\t\t\t\t\t\t\t<\/div>\n\t\t\t\t\t\t<\/div>\n\t\t\t\t<\/div>\n\t\t\t\t<div class=\"elementor-element elementor-element-d2551a4 elementor-widget elementor-widget-spacer\" data-id=\"d2551a4\" data-element_type=\"widget\" data-e-type=\"widget\" data-widget_type=\"spacer.default\">\n\t\t\t\t<div class=\"elementor-widget-container\">\n\t\t\t\t\t\t\t<div class=\"elementor-spacer\">\n\t\t\t<div class=\"elementor-spacer-inner\"><\/div>\n\t\t<\/div>\n\t\t\t\t\t\t<\/div>\n\t\t\t\t<\/div>\n\t\t\t\t\t<\/div>\n\t\t<\/div>\n\t\t\t\t\t<\/div>\n\t\t<\/section>\n\t\t\t\t<\/div>\n\t\t","protected":false},"excerpt":{"rendered":"<p>Diagnostics and Online System for a Linear INjector of Carbon 6+ ions for hadrontherapy Financiado por la Agencia Valenciana de Innovaci\u00f3n (AVI) El proyecto\u00a0DosLINC6+ es un proyecto financiado por la Agencia Valenciana de Innovaci\u00f3n (AVI): Programa: Fortalecimiento y desarrollo del SVI para la mejora del modelo productivo L\u00ednea de Actuaci\u00f3n: Proyectos estrat\u00e9gicos en cooperaci\u00f3n Entidad [&hellip;]<\/p>\n","protected":false},"author":1,"featured_media":0,"parent":11,"menu_order":0,"comment_status":"closed","ping_status":"closed","template":"","meta":{"footnotes":""},"class_list":["post-584","page","type-page","status-publish","hentry","wpbf-post"],"jetpack_sharing_enabled":true,"_links":{"self":[{"href":"https:\/\/aitanatop.ific.uv.es\/aitanatop\/accelerator-physics\/wp-json\/wp\/v2\/pages\/584","targetHints":{"allow":["GET"]}}],"collection":[{"href":"https:\/\/aitanatop.ific.uv.es\/aitanatop\/accelerator-physics\/wp-json\/wp\/v2\/pages"}],"about":[{"href":"https:\/\/aitanatop.ific.uv.es\/aitanatop\/accelerator-physics\/wp-json\/wp\/v2\/types\/page"}],"author":[{"embeddable":true,"href":"https:\/\/aitanatop.ific.uv.es\/aitanatop\/accelerator-physics\/wp-json\/wp\/v2\/users\/1"}],"replies":[{"embeddable":true,"href":"https:\/\/aitanatop.ific.uv.es\/aitanatop\/accelerator-physics\/wp-json\/wp\/v2\/comments?post=584"}],"version-history":[{"count":20,"href":"https:\/\/aitanatop.ific.uv.es\/aitanatop\/accelerator-physics\/wp-json\/wp\/v2\/pages\/584\/revisions"}],"predecessor-version":[{"id":631,"href":"https:\/\/aitanatop.ific.uv.es\/aitanatop\/accelerator-physics\/wp-json\/wp\/v2\/pages\/584\/revisions\/631"}],"up":[{"embeddable":true,"href":"https:\/\/aitanatop.ific.uv.es\/aitanatop\/accelerator-physics\/wp-json\/wp\/v2\/pages\/11"}],"wp:attachment":[{"href":"https:\/\/aitanatop.ific.uv.es\/aitanatop\/accelerator-physics\/wp-json\/wp\/v2\/media?parent=584"}],"curies":[{"name":"wp","href":"https:\/\/api.w.org\/{rel}","templated":true}]}}